{"id":2208,"date":"2025-01-26T12:17:38","date_gmt":"2025-01-26T11:17:38","guid":{"rendered":"https:\/\/fotomon.do\/declaracao-de-exoneracao-de-responsabilidade\/"},"modified":"2025-01-26T12:17:38","modified_gmt":"2025-01-26T11:17:38","slug":"declaracao-de-exoneracao-de-responsabilidade","status":"publish","type":"page","link":"https:\/\/fotomon.do\/pt-pt\/declaracao-de-exoneracao-de-responsabilidade\/","title":{"rendered":"Declara\u00e7\u00e3o de exonera\u00e7\u00e3o de responsabilidade"},"content":{"rendered":"\n<!-- Legal document generated by Complianz | GDPR\/CCPA Cookie Consent https:\/\/wordpress.org\/plugins\/complianz-gdpr -->\n<div id=\"cmplz-document\" class=\"cmplz-document disclaimer cmplz-document-all\"><p>Kokopelli tem o compromisso de manter este site atualizado e preciso. Se, no entanto, encontrar algo que esteja incorreto ou desatualizado, agradecer\u00edamos nos informe. Indique onde leu as informa\u00e7\u00f5es no site. De seguida, examinaremos o mais r\u00e1pido poss\u00edvel. Envie sua resposta por e-mail para: <span class=\"cmplz-obfuscate\">&#099;o&#109;&#112;&#108;&#105;ance@<span class=\"cmplz-fmail-domain\">ex.co&#109;<\/span>&#102;ot&#111;mo&#110;&#046;do<\/span>.<\/p><p>N\u00e3o nos responsabilizamos por perdas resultantes de imprecis\u00f5es ou informa\u00e7\u00e3o incompleta, nem por perdas causadas por ou inerentes \u00e0 divulga\u00e7\u00e3o de informa\u00e7\u00f5es pela internet, como perturba\u00e7\u00f5es ou interrup\u00e7\u00f5es. Ao usar formul\u00e1rios da web, esfor\u00e7amos-nos para limitar ao m\u00ednimo o n\u00famero de campos obrigat\u00f3rios. Por qualquer perda sofrida como resultado do uso de dados, conselhos ou ideias fornecidos por ou em nome de Kokopelli atrav\u00e9s deste site, Kokopelli n\u00e3o se responsabiliza.<\/p><p>As respostas e consultas de privacidade enviadas por e-mail ou usando um formul\u00e1rio da web ser\u00e3o tratadas da mesma forma que cartas. Isso significa que pode esperar uma resposta nossa dentro de um per\u00edodo de no m\u00e1ximo 1 m\u00eas. No caso de solicita\u00e7\u00f5es complexas, iremos inform\u00e1-lo dentro de 1 m\u00eas se precisarmos de no m\u00e1ximo 3 meses.<\/p><p>Quaisquer dados pessoais que nos fornecer no contexto de sua resposta ou solicita\u00e7\u00e3o de informa\u00e7\u00f5es ser\u00e3o usados apenas de acordo com nossa declara\u00e7\u00e3o de privacidade.<\/p><p>Kokopelli far\u00e1 todos os esfor\u00e7os razo\u00e1veis para proteger os seus sistemas contra qualquer forma de uso ilegal. Kokopelli deve implementar medidas t\u00e9cnicas e organizacionais adequadas para esse fim, levando em considera\u00e7\u00e3o, entre outras coisas, as melhores tecnologias dispon\u00edveis (estado da arte). No entanto, n\u00e3o ser\u00e1 respons\u00e1vel por qualquer perda, direta e\/ou indireta, sofrida por um utilizador do site que resulte do uso ilegal dos seus sistemas por terceiros.<\/p><p>Kokopelli n\u00e3o se responsabiliza pelo conte\u00fado dos sites para os quais ou a partir dos quais um link ou outra refer\u00eancia \u00e9 feita. Os produtos ou servi\u00e7os oferecidos por terceiros est\u00e3o sujeitos aos termos e condi\u00e7\u00f5es aplic\u00e1veis desses terceiros.<\/p><p>Todos os direitos de propriedade intelectual do conte\u00fado deste site pertencem a terceiros que colocaram o conte\u00fado por conta pr\u00f3pria ou de quem Kokopelli obteve uma licen\u00e7a de utiliza\u00e7\u00e3o.<\/p><p>A c\u00f3pia, dissemina\u00e7\u00e3o e qualquer outro uso desses materiais n\u00e3o s\u00e3o permitidos sem a permiss\u00e3o por escrito de Kokopelli, exceto e apenas na medida em que estipulado de outra forma nos regulamentos da lei obrigat\u00f3ria (como o direito de citar), a menos que o conte\u00fado espec\u00edfico dite o contr\u00e1rio.<\/p><p>Se tiver d\u00favidas ou problemas com a acessibilidade do site, n\u00e3o hesite em nos contactar.<\/p><\/div>\n","protected":false},"excerpt":{"rendered":"","protected":false},"author":1,"featured_media":0,"parent":0,"menu_order":0,"comment_status":"closed","ping_status":"closed","template":"","meta":{"ocean_post_layout":"","ocean_both_sidebars_style":"","ocean_both_sidebars_content_width":0,"ocean_both_sidebars_sidebars_width":0,"ocean_sidebar":"","ocean_second_sidebar":"","ocean_disable_margins":"enable","ocean_add_body_class":"","ocean_shortcode_before_top_bar":"","ocean_shortcode_after_top_bar":"","ocean_shortcode_before_header":"","ocean_shortcode_after_header":"","ocean_has_shortcode":"","ocean_shortcode_after_title":"","ocean_shortcode_before_footer_widgets":"","ocean_shortcode_after_footer_widgets":"","ocean_shortcode_before_footer_bottom":"","ocean_shortcode_after_footer_bottom":"","ocean_display_top_bar":"default","ocean_display_header":"default","ocean_header_style":"","ocean_center_header_left_menu":"","ocean_custom_header_template":"","ocean_custom_logo":0,"ocean_custom_retina_logo":0,"ocean_custom_logo_max_width":0,"ocean_custom_logo_tablet_max_width":0,"ocean_custom_logo_mobile_max_width":0,"ocean_custom_logo_max_height":0,"ocean_custom_logo_tablet_max_height":0,"ocean_custom_logo_mobile_max_height":0,"ocean_header_custom_menu":"","ocean_menu_typo_font_family":"","ocean_menu_typo_font_subset":"","ocean_menu_typo_font_size":0,"ocean_menu_typo_font_size_tablet":0,"ocean_menu_typo_font_size_mobile":0,"ocean_menu_typo_font_size_unit":"px","ocean_menu_typo_font_weight":"","ocean_menu_typo_font_weight_tablet":"","ocean_menu_typo_font_weight_mobile":"","ocean_menu_typo_transform":"","ocean_menu_typo_transform_tablet":"","ocean_menu_typo_transform_mobile":"","ocean_menu_typo_line_height":0,"ocean_menu_typo_line_height_tablet":0,"ocean_menu_typo_line_height_mobile":0,"ocean_menu_typo_line_height_unit":"","ocean_menu_typo_spacing":0,"ocean_menu_typo_spacing_tablet":0,"ocean_menu_typo_spacing_mobile":0,"ocean_menu_typo_spacing_unit":"","ocean_menu_link_color":"","ocean_menu_link_color_hover":"","ocean_menu_link_color_active":"","ocean_menu_link_background":"","ocean_menu_link_hover_background":"","ocean_menu_link_active_background":"","ocean_menu_social_links_bg":"","ocean_menu_social_hover_links_bg":"","ocean_menu_social_links_color":"","ocean_menu_social_hover_links_color":"","ocean_disable_title":"default","ocean_disable_heading":"default","ocean_post_title":"","ocean_post_subheading":"","ocean_post_title_style":"","ocean_post_title_background_color":"","ocean_post_title_background":0,"ocean_post_title_bg_image_position":"","ocean_post_title_bg_image_attachment":"","ocean_post_title_bg_image_repeat":"","ocean_post_title_bg_image_size":"","ocean_post_title_height":0,"ocean_post_title_bg_overlay":0.5,"ocean_post_title_bg_overlay_color":"","ocean_disable_breadcrumbs":"default","ocean_breadcrumbs_color":"","ocean_breadcrumbs_separator_color":"","ocean_breadcrumbs_links_color":"","ocean_breadcrumbs_links_hover_color":"","ocean_display_footer_widgets":"default","ocean_display_footer_bottom":"default","ocean_custom_footer_template":"","osh_disable_topbar_sticky":"default","osh_disable_header_sticky":"default","osh_sticky_header_style":"default","osh_sticky_header_effect":"","osh_custom_sticky_logo":0,"osh_custom_retina_sticky_logo":0,"osh_custom_sticky_logo_height":0,"osh_background_color":"","osh_links_color":"","osh_links_hover_color":"","osh_links_active_color":"","osh_links_bg_color":"","osh_links_hover_bg_color":"","osh_links_active_bg_color":"","osh_menu_social_links_color":"","osh_menu_social_hover_links_color":"","footnotes":""},"class_list":["post-2208","page","type-page","status-publish","hentry","entry"],"yoast_head":"<!-- This site is optimized with the Yoast SEO plugin v25.7 - https:\/\/yoast.com\/wordpress\/plugins\/seo\/ -->\n<title>Declara\u00e7\u00e3o de exonera\u00e7\u00e3o de responsabilidade - fotomon.do<\/title>\n<meta name=\"robots\" content=\"index, follow, max-snippet:-1, max-image-preview:large, max-video-preview:-1\" \/>\n<link rel=\"canonical\" href=\"https:\/\/fotomon.do\/pt-pt\/declaracao-de-exoneracao-de-responsabilidade\/\" \/>\n<meta property=\"og:locale\" content=\"pt_PT\" \/>\n<meta property=\"og:type\" content=\"article\" \/>\n<meta property=\"og:title\" content=\"Declara\u00e7\u00e3o de exonera\u00e7\u00e3o de responsabilidade - fotomon.do\" \/>\n<meta property=\"og:url\" content=\"https:\/\/fotomon.do\/pt-pt\/declaracao-de-exoneracao-de-responsabilidade\/\" \/>\n<meta property=\"og:site_name\" content=\"fotomon.do\" \/>\n<meta property=\"og:image\" content=\"https:\/\/fotomon.do\/wp-content\/uploads\/2025\/01\/png_trns_logo-e1737896341507.png\" \/>\n\t<meta property=\"og:image:width\" content=\"284\" \/>\n\t<meta property=\"og:image:height\" content=\"50\" \/>\n\t<meta property=\"og:image:type\" content=\"image\/png\" \/>\n<meta name=\"twitter:card\" content=\"summary_large_image\" \/>\n<script type=\"application\/ld+json\" class=\"yoast-schema-graph\">{\"@context\":\"https:\/\/schema.org\",\"@graph\":[{\"@type\":\"WebPage\",\"@id\":\"https:\/\/fotomon.do\/pt-pt\/declaracao-de-exoneracao-de-responsabilidade\/\",\"url\":\"https:\/\/fotomon.do\/pt-pt\/declaracao-de-exoneracao-de-responsabilidade\/\",\"name\":\"Declara\u00e7\u00e3o de exonera\u00e7\u00e3o de responsabilidade - fotomon.do\",\"isPartOf\":{\"@id\":\"https:\/\/fotomon.do\/pt-pt\/#website\"},\"datePublished\":\"2025-01-26T11:17:38+00:00\",\"breadcrumb\":{\"@id\":\"https:\/\/fotomon.do\/pt-pt\/declaracao-de-exoneracao-de-responsabilidade\/#breadcrumb\"},\"inLanguage\":\"pt-PT\",\"potentialAction\":[{\"@type\":\"ReadAction\",\"target\":[\"https:\/\/fotomon.do\/pt-pt\/declaracao-de-exoneracao-de-responsabilidade\/\"]}]},{\"@type\":\"BreadcrumbList\",\"@id\":\"https:\/\/fotomon.do\/pt-pt\/declaracao-de-exoneracao-de-responsabilidade\/#breadcrumb\",\"itemListElement\":[{\"@type\":\"ListItem\",\"position\":1,\"name\":\"Startseite\",\"item\":\"https:\/\/fotomon.do\/pt-pt\/\"},{\"@type\":\"ListItem\",\"position\":2,\"name\":\"Declara\u00e7\u00e3o de exonera\u00e7\u00e3o de responsabilidade\"}]},{\"@type\":\"WebSite\",\"@id\":\"https:\/\/fotomon.do\/pt-pt\/#website\",\"url\":\"https:\/\/fotomon.do\/pt-pt\/\",\"name\":\"fotomon.do\",\"description\":\"\",\"publisher\":{\"@id\":\"https:\/\/fotomon.do\/pt-pt\/#organization\"},\"potentialAction\":[{\"@type\":\"SearchAction\",\"target\":{\"@type\":\"EntryPoint\",\"urlTemplate\":\"https:\/\/fotomon.do\/pt-pt\/?s={search_term_string}\"},\"query-input\":{\"@type\":\"PropertyValueSpecification\",\"valueRequired\":true,\"valueName\":\"search_term_string\"}}],\"inLanguage\":\"pt-PT\"},{\"@type\":\"Organization\",\"@id\":\"https:\/\/fotomon.do\/pt-pt\/#organization\",\"name\":\"fotomon.do\",\"url\":\"https:\/\/fotomon.do\/pt-pt\/\",\"logo\":{\"@type\":\"ImageObject\",\"inLanguage\":\"pt-PT\",\"@id\":\"https:\/\/fotomon.do\/pt-pt\/#\/schema\/logo\/image\/\",\"url\":\"https:\/\/fotomon.do\/wp-content\/uploads\/2025\/01\/png_trns_logo-e1737896341507.png\",\"contentUrl\":\"https:\/\/fotomon.do\/wp-content\/uploads\/2025\/01\/png_trns_logo-e1737896341507.png\",\"width\":284,\"height\":50,\"caption\":\"fotomon.do\"},\"image\":{\"@id\":\"https:\/\/fotomon.do\/pt-pt\/#\/schema\/logo\/image\/\"}}]}<\/script>\n<!-- \/ Yoast SEO plugin. -->","yoast_head_json":{"title":"Declara\u00e7\u00e3o de exonera\u00e7\u00e3o de responsabilidade - fotomon.do","robots":{"index":"index","follow":"follow","max-snippet":"max-snippet:-1","max-image-preview":"max-image-preview:large","max-video-preview":"max-video-preview:-1"},"canonical":"https:\/\/fotomon.do\/pt-pt\/declaracao-de-exoneracao-de-responsabilidade\/","og_locale":"pt_PT","og_type":"article","og_title":"Declara\u00e7\u00e3o de exonera\u00e7\u00e3o de responsabilidade - fotomon.do","og_url":"https:\/\/fotomon.do\/pt-pt\/declaracao-de-exoneracao-de-responsabilidade\/","og_site_name":"fotomon.do","og_image":[{"width":284,"height":50,"url":"https:\/\/fotomon.do\/wp-content\/uploads\/2025\/01\/png_trns_logo-e1737896341507.png","type":"image\/png"}],"twitter_card":"summary_large_image","schema":{"@context":"https:\/\/schema.org","@graph":[{"@type":"WebPage","@id":"https:\/\/fotomon.do\/pt-pt\/declaracao-de-exoneracao-de-responsabilidade\/","url":"https:\/\/fotomon.do\/pt-pt\/declaracao-de-exoneracao-de-responsabilidade\/","name":"Declara\u00e7\u00e3o de exonera\u00e7\u00e3o de responsabilidade - fotomon.do","isPartOf":{"@id":"https:\/\/fotomon.do\/pt-pt\/#website"},"datePublished":"2025-01-26T11:17:38+00:00","breadcrumb":{"@id":"https:\/\/fotomon.do\/pt-pt\/declaracao-de-exoneracao-de-responsabilidade\/#breadcrumb"},"inLanguage":"pt-PT","potentialAction":[{"@type":"ReadAction","target":["https:\/\/fotomon.do\/pt-pt\/declaracao-de-exoneracao-de-responsabilidade\/"]}]},{"@type":"BreadcrumbList","@id":"https:\/\/fotomon.do\/pt-pt\/declaracao-de-exoneracao-de-responsabilidade\/#breadcrumb","itemListElement":[{"@type":"ListItem","position":1,"name":"Startseite","item":"https:\/\/fotomon.do\/pt-pt\/"},{"@type":"ListItem","position":2,"name":"Declara\u00e7\u00e3o de exonera\u00e7\u00e3o de responsabilidade"}]},{"@type":"WebSite","@id":"https:\/\/fotomon.do\/pt-pt\/#website","url":"https:\/\/fotomon.do\/pt-pt\/","name":"fotomon.do","description":"","publisher":{"@id":"https:\/\/fotomon.do\/pt-pt\/#organization"},"potentialAction":[{"@type":"SearchAction","target":{"@type":"EntryPoint","urlTemplate":"https:\/\/fotomon.do\/pt-pt\/?s={search_term_string}"},"query-input":{"@type":"PropertyValueSpecification","valueRequired":true,"valueName":"search_term_string"}}],"inLanguage":"pt-PT"},{"@type":"Organization","@id":"https:\/\/fotomon.do\/pt-pt\/#organization","name":"fotomon.do","url":"https:\/\/fotomon.do\/pt-pt\/","logo":{"@type":"ImageObject","inLanguage":"pt-PT","@id":"https:\/\/fotomon.do\/pt-pt\/#\/schema\/logo\/image\/","url":"https:\/\/fotomon.do\/wp-content\/uploads\/2025\/01\/png_trns_logo-e1737896341507.png","contentUrl":"https:\/\/fotomon.do\/wp-content\/uploads\/2025\/01\/png_trns_logo-e1737896341507.png","width":284,"height":50,"caption":"fotomon.do"},"image":{"@id":"https:\/\/fotomon.do\/pt-pt\/#\/schema\/logo\/image\/"}}]}},"_links":{"self":[{"href":"https:\/\/fotomon.do\/pt-pt\/wp-json\/wp\/v2\/pages\/2208","targetHints":{"allow":["GET"]}}],"collection":[{"href":"https:\/\/fotomon.do\/pt-pt\/wp-json\/wp\/v2\/pages"}],"about":[{"href":"https:\/\/fotomon.do\/pt-pt\/wp-json\/wp\/v2\/types\/page"}],"author":[{"embeddable":true,"href":"https:\/\/fotomon.do\/pt-pt\/wp-json\/wp\/v2\/users\/1"}],"replies":[{"embeddable":true,"href":"https:\/\/fotomon.do\/pt-pt\/wp-json\/wp\/v2\/comments?post=2208"}],"version-history":[{"count":0,"href":"https:\/\/fotomon.do\/pt-pt\/wp-json\/wp\/v2\/pages\/2208\/revisions"}],"wp:attachment":[{"href":"https:\/\/fotomon.do\/pt-pt\/wp-json\/wp\/v2\/media?parent=2208"}],"curies":[{"name":"wp","href":"https:\/\/api.w.org\/{rel}","templated":true}]}}